{"id":3,"date":"2007-08-18T10:34:41","date_gmt":"2007-08-18T08:34:41","guid":{"rendered":"http:\/\/www.xmj.livenet.pl\/blog\/?page_id=3"},"modified":"2012-07-21T15:07:01","modified_gmt":"2012-07-21T13:07:01","slug":"guestbook","status":"publish","type":"page","link":"https:\/\/umacieja.net\/blog\/?page_id=3","title":{"rendered":"Ksi\u0119ga go\u015bci"},"content":{"rendered":"<p align=\"left\">Witam moich Go\u015bci. Zapraszam do podzielenia si\u0119 wra\u017ceniami.<\/p>\n<p align=\"center\"><img decoding=\"async\" loading=\"lazy\" src=\"http:\/\/umacieja.net\/images\/6.gif\" height=\"52\" width=\"80\" \/><\/p>\n<p align=\"right\"><a href=\"http:\/\/www.prv.pl\/kg\/wypisz.php?id=161460\" target=\"_blank\">Poprzednie wpisy &gt;&gt;&gt; <\/a><\/p>\n","protected":false},"excerpt":{"rendered":"<p>Witam moich Go\u015bci. Zapraszam do podzielenia si\u0119 wra\u017ceniami. Poprzednie wpisy &gt;&gt;&gt;<\/p>\n","protected":false},"author":1,"featured_media":0,"parent":0,"menu_order":3,"comment_status":"open","ping_status":"closed","template":"","meta":{"ngg_post_thumbnail":0},"_links":{"self":[{"href":"https:\/\/umacieja.net\/blog\/index.php?rest_route=\/wp\/v2\/pages\/3"}],"collection":[{"href":"https:\/\/umacieja.net\/blog\/index.php?rest_route=\/wp\/v2\/pages"}],"about":[{"href":"https:\/\/umacieja.net\/blog\/index.php?rest_route=\/wp\/v2\/types\/page"}],"author":[{"embeddable":true,"href":"https:\/\/umacieja.net\/blog\/index.php?rest_route=\/wp\/v2\/users\/1"}],"replies":[{"embeddable":true,"href":"https:\/\/umacieja.net\/blog\/index.php?rest_route=%2Fwp%2Fv2%2Fcomments&post=3"}],"version-history":[{"count":0,"href":"https:\/\/umacieja.net\/blog\/index.php?rest_route=\/wp\/v2\/pages\/3\/revisions"}],"wp:attachment":[{"href":"https:\/\/umacieja.net\/blog\/index.php?rest_route=%2Fwp%2Fv2%2Fmedia&parent=3"}],"curies":[{"name":"wp","href":"https:\/\/api.w.org\/{rel}","templated":true}]}}